{"id":448,"date":"2024-04-29T16:46:42","date_gmt":"2024-04-29T16:46:42","guid":{"rendered":"https:\/\/plasticosfestival.com\/inicio\/?page_id=448"},"modified":"2026-01-20T15:06:03","modified_gmt":"2026-01-20T15:06:03","slug":"sustentabilidad","status":"publish","type":"page","link":"https:\/\/plasticosfestival.com\/inicio\/nuestra-empresa\/sustentabilidad\/","title":{"rendered":"Sustentabilidad"},"content":{"rendered":"\n<div class=\"wp-block-group is-nowrap is-layout-flex wp-container-core-group-is-layout-6c531013 wp-block-group-is-layout-flex\">\n<p>Parte de nuestro compromiso con la sociedad implica hacernos responsables del impacto medio ambiental que genera nuestra actividad econ\u00f3mica; por este motivo orgullosamente formamos parte de la <a href=\"http:\/\/redcircular.mx\/index.html\" data-type=\"link\" data-id=\"http:\/\/redcircular.mx\/index.html\">Red Circular<\/a>, un programa de Ecnomia Circular en revalorizar los pl\u00e1sticos para eficientar su reciclaje.<\/p>\n<\/div>\n\n\n\n<div class=\"wp-block-group is-nowrap is-layout-flex wp-container-core-group-is-layout-6c531013 wp-block-group-is-layout-flex\">\n<p>Fabricantes, distribuidores, comercializadores, impresores, consumidores y Rennueva, nos unimos por un solo fin&nbsp;&nbsp;&#x267b;&#xfe0f;&#x1f91d;<\/p>\n<\/div>\n\n\n\n<p><strong>La econom\u00eda circular cobra sentido cuando empresas, personas y acciones avanzamos juntos hacia un mismo objetivo.<\/strong><\/p>\n\n\n\n<p><\/p>\n\n\n\n<p><strong>Ahora ya puedes solicitar la recolecci\u00f3n de tus materiales reciclables a domicilio mediante <a href=\"https:\/\/desdelivery.rennueva.com\/\">https:\/\/desdelivery.rennueva.com\/<\/a><\/strong><\/p>\n\n\n\n<p><strong><strong>#ReciclaConNosotros #cuidemoselplaneta #rennuevamx<\/strong><\/strong><\/p>\n\n\n\n<figure class=\"wp-block-image size-large\"><a href=\"https:\/\/plasticosfestival.com\/inicio\/wp-content\/uploads\/2026\/01\/Post1.png\"><img loading=\"lazy\" decoding=\"async\" width=\"819\" height=\"1024\" src=\"https:\/\/plasticosfestival.com\/inicio\/wp-content\/uploads\/2026\/01\/Post1-819x1024.png\" alt=\"\" class=\"wp-image-466\" srcset=\"https:\/\/plasticosfestival.com\/inicio\/wp-content\/uploads\/2026\/01\/Post1-819x1024.png 819w, https:\/\/plasticosfestival.com\/inicio\/wp-content\/uploads\/2026\/01\/Post1-240x300.png 240w, https:\/\/plasticosfestival.com\/inicio\/wp-content\/uploads\/2026\/01\/Post1-768x960.png 768w, https:\/\/plasticosfestival.com\/inicio\/wp-content\/uploads\/2026\/01\/Post1.png 864w\" sizes=\"auto, (max-width: 819px) 100vw, 819px\" \/><\/a><\/figure>\n\n\n\n<p><\/p>\n\n\n\n<div class=\"wp-block-group is-layout-constrained wp-block-group-is-layout-constrained\">\n<div class=\"wp-block-columns is-layout-flex wp-container-core-columns-is-layout-28f84493 wp-block-columns-is-layout-flex\">\n<div class=\"wp-block-column is-layout-flow wp-block-column-is-layout-flow\" style=\"flex-basis:100%\"><\/div>\n<\/div>\n<\/div>\n\n\n\n<div class=\"wp-block-media-text is-stacked-on-mobile\" style=\"grid-template-columns:57% auto\"><figure class=\"wp-block-media-text__media\"><img loading=\"lazy\" decoding=\"async\" width=\"1024\" height=\"1024\" src=\"https:\/\/plasticosfestival.com\/inicio\/wp-content\/uploads\/2024\/08\/Festival-Rennueva-1024x1024.png\" alt=\"\" class=\"wp-image-455 size-full\" srcset=\"https:\/\/plasticosfestival.com\/inicio\/wp-content\/uploads\/2024\/08\/Festival-Rennueva-1024x1024.png 1024w, https:\/\/plasticosfestival.com\/inicio\/wp-content\/uploads\/2024\/08\/Festival-Rennueva-300x300.png 300w, https:\/\/plasticosfestival.com\/inicio\/wp-content\/uploads\/2024\/08\/Festival-Rennueva-150x150.png 150w, https:\/\/plasticosfestival.com\/inicio\/wp-content\/uploads\/2024\/08\/Festival-Rennueva-768x768.png 768w, https:\/\/plasticosfestival.com\/inicio\/wp-content\/uploads\/2024\/08\/Festival-Rennueva.png 1080w\" sizes=\"auto, (max-width: 1024px) 100vw, 1024px\" \/><\/figure><div class=\"wp-block-media-text__content\">\n<p>Como orgullosos miembros de la Red Circular, de la mano de Rennueva y otros l\u00edderes del sector estamos comprometidos a colaborar para reducir el impacto ambiental de nuestra actividad productiva.<br>Por este motivo se han instalaron y operan las Estaciones Circulares, en diversas alcald\u00edas, estos centros de acopio son gratuitos y abieros a todo el p\u00fablico para que puedan llevar sus residuos pl\u00e1sticos.<br>Conoce la m\u00e1s cercana a tu domicilio:<\/p>\n\n\n\n<p>&nbsp;<a href=\"https:\/\/rennueva.com\/preguntas_frecuentes\/\">https:\/\/rennueva.com\/preguntas_frecuentes\/<\/a><\/p>\n<\/div><\/div>\n\n\n\n<p><\/p>\n","protected":false},"excerpt":{"rendered":"<p>Parte de nuestro compromiso con la sociedad implica hacernos responsables del impacto medio ambiental que genera nuestra actividad econ\u00f3mica; por este motivo orgullosamente formamos parte de la Red Circular, un programa de Ecnomia Circular en revalorizar los pl\u00e1sticos para eficientar su reciclaje. Fabricantes, distribuidores, comercializadores, impresores, consumidores y Rennueva, nos unimos por un solo fin&nbsp;&nbsp;&#x267b;&#xfe0f;&#x1f91d; [&hellip;]<\/p>\n","protected":false},"author":1,"featured_media":0,"parent":6,"menu_order":0,"comment_status":"closed","ping_status":"closed","template":"","meta":{"footnotes":""},"class_list":["post-448","page","type-page","status-publish","hentry"],"_links":{"self":[{"href":"https:\/\/plasticosfestival.com\/inicio\/wp-json\/wp\/v2\/pages\/448","targetHints":{"allow":["GET"]}}],"collection":[{"href":"https:\/\/plasticosfestival.com\/inicio\/wp-json\/wp\/v2\/pages"}],"about":[{"href":"https:\/\/plasticosfestival.com\/inicio\/wp-json\/wp\/v2\/types\/page"}],"author":[{"embeddable":true,"href":"https:\/\/plasticosfestival.com\/inicio\/wp-json\/wp\/v2\/users\/1"}],"replies":[{"embeddable":true,"href":"https:\/\/plasticosfestival.com\/inicio\/wp-json\/wp\/v2\/comments?post=448"}],"version-history":[{"count":9,"href":"https:\/\/plasticosfestival.com\/inicio\/wp-json\/wp\/v2\/pages\/448\/revisions"}],"predecessor-version":[{"id":469,"href":"https:\/\/plasticosfestival.com\/inicio\/wp-json\/wp\/v2\/pages\/448\/revisions\/469"}],"up":[{"embeddable":true,"href":"https:\/\/plasticosfestival.com\/inicio\/wp-json\/wp\/v2\/pages\/6"}],"wp:attachment":[{"href":"https:\/\/plasticosfestival.com\/inicio\/wp-json\/wp\/v2\/media?parent=448"}],"curies":[{"name":"wp","href":"https:\/\/api.w.org\/{rel}","templated":true}]}}